{"id":24,"date":"2012-02-07T20:05:54","date_gmt":"2012-02-07T20:05:54","guid":{"rendered":"http:\/\/www.dedalos.ch\/~isabella\/?page_id=24"},"modified":"2024-02-06T17:16:51","modified_gmt":"2024-02-06T16:16:51","slug":"storia","status":"publish","type":"page","link":"https:\/\/www.isabellabaroni.ch\/?page_id=24","title":{"rendered":"J.H.Pilates"},"content":{"rendered":"<div class=\"wp-block-image\">\n<figure class=\"alignleft\"><a href=\"https:\/\/www.isabellabaroni.ch\/wp-content\/uploads\/2012\/02\/J.H.Pilates-10.jpg\"><img loading=\"lazy\" decoding=\"async\" width=\"150\" height=\"150\" src=\"https:\/\/www.isabellabaroni.ch\/wp-content\/uploads\/2012\/02\/J.H.Pilates-10-150x150.jpg\" alt=\"\" class=\"wp-image-380\" title=\"J.H.Pilates 10\"\/><\/a><\/figure>\n<\/div>\n\n\n<p>Nato nel 1880 a Monchengladbach, cittadina nei pressi di Duesseldorf,\u00a0 da ragazzino Joseph Hubertus Pilates soffriva d\u2019asma, di rachitismo e di febbre reumatica. Di struttura fisica piuttosto gracile e preoccupato di contrarre la tubercolosi, Joseph esperiment\u00f2 diversi tipi di allenamento (dallo yoga alla ginnastica, dallo sci all\u2019 autodifesa, \u00a0dal sollevamento pesi\u00a0 alla box e altri tipi di discipline atletiche).<\/p>\n\n\n<div class=\"wp-block-image\">\n<figure class=\"alignleft\"><a href=\"https:\/\/www.isabellabaroni.ch\/wp-content\/uploads\/2012\/02\/J.H.Pilates-113.jpg\"><img loading=\"lazy\" decoding=\"async\" width=\"150\" height=\"150\" src=\"https:\/\/www.isabellabaroni.ch\/wp-content\/uploads\/2012\/02\/J.H.Pilates-113-150x150.jpg\" alt=\"\" class=\"wp-image-384\" title=\"J.H.Pilates 11\"\/><\/a><\/figure>\n<\/div>\n\n\n<p>Joseph lavor\u00f2 cos\u00ec meticolosamente sul suo corpo tanto che a quattordici anni gli venne chiesto di fare da modello per la realizzazione di tavole anatomiche.<\/p>\n\n\n\n<p>Lo studio e la pratica di stili e filosofie orientali e occidentali accumulati nel corso degli anni si ripercossero nella particolarit\u00e0 del suo metodo d\u2019insegnamento denominato in origine \u201cContrology\u201d.\u00a0 Lo scopo principale di J.H.Pilates era quello di rendere le persone consapevoli di s\u00e9 stesse, del proprio corpo e della propria mente e di condurle ad unire corpo e mente in una singola e ben funzionante entit\u00e0.<\/p>\n\n\n\n<p>Nel 1912 J. H. Pilates si trasfer\u00ec in Inghilterra al servizio della polizia locale in qualit\u00e0 di istruttore di autodifesa. Con lo scoppio della Prima Guerra Mondiale venne internato con altri Tedeschi per un anno nel Lancaster e trasferito poi sull\u2019isola di Man, dove si trov\u00f2 affacciato ad una realt\u00e0 composta di soldati reduci di battaglie, menomati dalle ferite, allettati dalle malattie e immobilizzati da tempo. L\u00ec inizi\u00f2 a costruire i primi macchinari che serviranno alla riabilitazione ei suoi compagni.<\/p>\n\n\n<div class=\"wp-block-image\">\n<figure class=\"alignleft\"><a href=\"https:\/\/www.isabellabaroni.ch\/wp-content\/uploads\/2012\/02\/J.H.Pilates-71.jpg\"><img loading=\"lazy\" decoding=\"async\" width=\"150\" height=\"150\" src=\"https:\/\/www.isabellabaroni.ch\/wp-content\/uploads\/2012\/02\/J.H.Pilates-71-150x150.jpg\" alt=\"\" class=\"wp-image-389\" title=\"J.H.Pilates 7\"\/><\/a><\/figure>\n<\/div>\n\n\n<p>Agli inizi degli anni venti Pilates torn\u00f2 in Germania dove continu\u00f2 e perfezion\u00f2 l\u2019elaborazione di nuove attrezzature. Nel 1925, dopo essere stato invitato dal governo tedesco a seguire personalmente il piano di allenamento del nuovo esercito, decise di partire per gli Stati Uniti d\u2019America. Durante il viaggio conobbe una giovane infermiera, Clara, che in seguito divenne sua moglie.<\/p>\n\n\n<div class=\"wp-block-image\">\n<figure class=\"alignleft\"><a href=\"https:\/\/www.isabellabaroni.ch\/wp-content\/uploads\/2012\/02\/J.H.Pilates-9.jpg\"><img loading=\"lazy\" decoding=\"async\" width=\"150\" height=\"150\" src=\"https:\/\/www.isabellabaroni.ch\/wp-content\/uploads\/2012\/02\/J.H.Pilates-9-150x150.jpg\" alt=\"\" class=\"wp-image-385\" title=\"J.H.Pilates 9\"\/><\/a><\/figure>\n<\/div>\n\n\n<p>Giunto a New York, nel 1926 Pilates apr\u00ec il suo studio al Nr. 939 della 8th Ave, nello stesso edificio dove vi erano parecchi studi di danza. Fu cos\u00ec che &#8220;Contrology\u201d divenne un&#8217;arte intrinseca nel programma d\u2019allenamento e riabilitazione di molti ballerini. Ci\u00f2 spiega come, erroneamente, spesso questa tecnica sia associata al solo mondo della danza.<\/p>\n\n\n\n<p>J.H.Pilates mor\u00ec nel 1967 all\u2019et\u00e0 di 87 anni senza lasciare eredi ufficiali per continuare la sua tecnica. Nel corso degli anni si sono sviluppate numerose scuole che hanno contribuito all&#8217;evoluzione del suo metodo.<\/p>\n\n\n\n<p>Cova Tech Pilates, Polestar Pilates, Body Control, Stott Pilates, Balanced Body, The Ron Fletcher Work sono tutti nomi che affondano le loro radici nel lavoro di J.H. Pilates ispirandosi ai suoi concetti fondamentali.<\/p>\n","protected":false},"excerpt":{"rendered":"<p>Nato nel 1880 a Monchengladbach, cittadina nei pressi di Duesseldorf,\u00a0 da ragazzino Joseph Hubertus Pilates soffriva d\u2019asma, di rachitismo e di febbre reumatica. Di struttura fisica piuttosto gracile e preoccupato di contrarre la tubercolosi, Joseph esperiment\u00f2 diversi tipi di allenamento (dallo yoga alla ginnastica, dallo sci all\u2019 autodifesa, \u00a0dal sollevamento pesi\u00a0 alla box e altri &hellip; <\/p>\n<p class=\"link-more\"><a href=\"https:\/\/www.isabellabaroni.ch\/?page_id=24\" class=\"more-link\">Leggi tutto<span class=\"screen-reader-text\"> &#8220;J.H.Pilates&#8221;<\/span><\/a><\/p>\n","protected":false},"author":4,"featured_media":0,"parent":0,"menu_order":4,"comment_status":"closed","ping_status":"closed","template":"","meta":{"_monsterinsights_skip_tracking":false,"_monsterinsights_sitenote_active":false,"_monsterinsights_sitenote_note":"","_monsterinsights_sitenote_category":0,"footnotes":""},"class_list":["post-24","page","type-page","status-publish","hentry"],"_links":{"self":[{"href":"https:\/\/www.isabellabaroni.ch\/index.php?rest_route=\/wp\/v2\/pages\/24","targetHints":{"allow":["GET"]}}],"collection":[{"href":"https:\/\/www.isabellabaroni.ch\/index.php?rest_route=\/wp\/v2\/pages"}],"about":[{"href":"https:\/\/www.isabellabaroni.ch\/index.php?rest_route=\/wp\/v2\/types\/page"}],"author":[{"embeddable":true,"href":"https:\/\/www.isabellabaroni.ch\/index.php?rest_route=\/wp\/v2\/users\/4"}],"replies":[{"embeddable":true,"href":"https:\/\/www.isabellabaroni.ch\/index.php?rest_route=%2Fwp%2Fv2%2Fcomments&post=24"}],"version-history":[{"count":35,"href":"https:\/\/www.isabellabaroni.ch\/index.php?rest_route=\/wp\/v2\/pages\/24\/revisions"}],"predecessor-version":[{"id":3603,"href":"https:\/\/www.isabellabaroni.ch\/index.php?rest_route=\/wp\/v2\/pages\/24\/revisions\/3603"}],"wp:attachment":[{"href":"https:\/\/www.isabellabaroni.ch\/index.php?rest_route=%2Fwp%2Fv2%2Fmedia&parent=24"}],"curies":[{"name":"wp","href":"https:\/\/api.w.org\/{rel}","templated":true}]}}