{"id":3043,"date":"2023-10-09T16:56:17","date_gmt":"2023-10-09T15:56:17","guid":{"rendered":"https:\/\/www.isabellabaroni.ch\/?page_id=3043"},"modified":"2024-02-25T16:45:35","modified_gmt":"2024-02-25T15:45:35","slug":"home-page","status":"publish","type":"page","link":"https:\/\/www.isabellabaroni.ch\/","title":{"rendered":"L&#8217;Atelier"},"content":{"rendered":"\n<p><\/p>\n\n\n\n<p>L\u2019 Atelier di Isabella Baroni \u00e8 una comunit\u00e0 di persone che crede nel potere del corpo e della mente per migliorare la propria vita.<\/p>\n\n\n\n<p>I nostri incontri di <strong>Yoga<\/strong>, <strong>Meditazione<\/strong> e <strong>Pilates<\/strong> mirano al miglioramento della salute e allo sviluppo della pace interiore. Il nostro obiettivo \u00e8 applicare la nostra filosofia sia all\u2019interno che all\u2019esterno dell\u2019Atelier.<\/p>\n\n\n\n<p>\u00c8 per me un piacere e un onore condividere le mie conoscenze ed esperienze tanto negli incontri individuali, quanto nei piccoli gruppi e nelle aziende.<\/p>\n\n\n\n<p>ISA<\/p>\n\n\n\n<hr class=\"wp-block-separator has-alpha-channel-opacity is-style-dots\"\/>\n\n\n\n<h3 class=\"wp-block-heading has-text-color has-link-color wp-elements-1594f1dfe1a566c70e5607402e2d3797\" style=\"color:#e77800;font-size:30px;text-transform:none\">I corsi<\/h3>\n\n\n\n<ul class=\"wp-block-list\">\n<li><a href=\"https:\/\/www.isabellabaroni.ch\/?page_id=3198\" data-type=\"page\" data-id=\"3198\">PILATES<\/a><br>\u201cLa cosa importante non \u00e8 ci\u00f2 che stai facendo, ma come stai eseguendo ci\u00f2 che fai.\u201d (J.H. Pilates)<\/li>\n<\/ul>\n\n\n\n<p><\/p>\n\n\n\n<ul class=\"wp-block-list\">\n<li><a href=\"https:\/\/www.isabellabaroni.ch\/?page_id=2991\" data-type=\"page\" data-id=\"2991\">HATHA YOGA e MEDITAZIONE<\/a><br>Espandi la tua consapevolezza. <br>Sviluppa la tua capacit\u00e0 di concentrazione. <br>Migliora la tua flessibilit\u00e0 e la tua salute.<\/li>\n<\/ul>\n\n\n\n<p><\/p>\n\n\n\n<ul class=\"wp-block-list\">\n<li><a href=\"https:\/\/www.isabellabaroni.ch\/?page_id=2991\" data-type=\"page\" data-id=\"3109\">YIN YOGA<\/a> <br>&#8220;Lasciare andare per poter ricevere&#8221;.<\/li>\n<\/ul>\n\n\n\n<p><\/p>\n\n\n\n<ul class=\"wp-block-list\">\n<li><a href=\"https:\/\/www.isabellabaroni.ch\/?page_id=2991\" data-type=\"page\" data-id=\"2991\">YOGA DEL RISVEGLIO<\/a><br>L\u2019uomo moderno si identifica con i propri pensieri, diventando prigioniero delle sue stessi illusioni e bisogni mentali.<\/li>\n<\/ul>\n\n\n\n<p><\/p>\n\n\n\n<ul class=\"wp-block-list\">\n<li><a href=\"https:\/\/www.isabellabaroni.ch\/?page_id=2991\" data-type=\"page\" data-id=\"2991\">YOGA NIDRA<\/a><br>Ritorna a sentirti seren* e felice con questa semplice tecnica di rilassamento guidato per corpo, mente e anima.<\/li>\n<\/ul>\n\n\n\n<p><\/p>\n\n\n\n<p><\/p>\n\n\n\n<ul class=\"wp-block-list\">\n<li><a href=\"https:\/\/www.isabellabaroni.ch\/?page_id=3109\" data-type=\"page\" data-id=\"3109\">TBW<\/a> <br>(Total Body Workout): Un\u2019intensa lezione dove lavorerai ogni gruppo muscolare. <br>Aspettati \u201csudore proporzionato alla tua soddisfazione\u201d.<\/li>\n<\/ul>\n\n\n\n<p><\/p>\n\n\n\n<hr class=\"wp-block-separator has-alpha-channel-opacity is-style-dots\"\/>\n\n\n\n<h3 class=\"wp-block-heading has-text-color has-link-color wp-elements-b9d99f6def0aeecb662ebde8eaef8308\" style=\"color:#e77800;font-size:30px;text-transform:none\">Workshop per aziende<\/h3>\n\n\n\n<p>Possibilit\u00e0 di offrire ai propri collaboratori incontri dedicati al benessere (Pilates, Yoga e Meditazione).<\/p>\n\n\n\n<p>\u00bb <a href=\"https:\/\/www.isabellabaroni.ch\/?page_id=3054\" data-type=\"link\" data-id=\"https:\/\/www.isabellabaroni.ch\/?page_id=3054\">Scopri di pi\u00f9<\/a><\/p>\n\n\n\n<hr class=\"wp-block-separator has-alpha-channel-opacity is-style-dots\"\/>\n\n\n\n<h3 class=\"wp-block-heading has-text-color has-link-color wp-elements-c82f91a7b7eec5b0499c0de26a519ceb\" style=\"color:#e77800;font-size:30px;text-transform:none\">Lezioni video<\/h3>\n\n\n\n<p>Programma della RSI \u201cMezz\u2019ora per voi\u201d. <br>Riguardami gratuitamente su PLAY RSI nelle lezioni di Pilates e Ginnastica dolce.<\/p>\n\n\n\n<p>\u00bb <a href=\"https:\/\/www.isabellabaroni.ch\/?page_id=3117\" data-type=\"link\" data-id=\"https:\/\/www.isabellabaroni.ch\/?page_id=3054\">Scopri di pi\u00f9<\/a><\/p>\n","protected":false},"excerpt":{"rendered":"<p>L\u2019 Atelier di Isabella Baroni \u00e8 una comunit\u00e0 di persone che crede nel potere del corpo e della mente per migliorare la propria vita. I nostri incontri di Yoga, Meditazione e Pilates mirano al miglioramento della salute e allo sviluppo della pace interiore. Il nostro obiettivo \u00e8 applicare la nostra filosofia sia all\u2019interno che all\u2019esterno &hellip; <\/p>\n<p class=\"link-more\"><a href=\"https:\/\/www.isabellabaroni.ch\/\" class=\"more-link\">Leggi tutto<span class=\"screen-reader-text\"> &#8220;L&#8217;Atelier&#8221;<\/span><\/a><\/p>\n","protected":false},"author":4,"featured_media":0,"parent":0,"menu_order":0,"comment_status":"closed","ping_status":"closed","template":"","meta":{"_monsterinsights_skip_tracking":false,"_monsterinsights_sitenote_active":false,"_monsterinsights_sitenote_note":"","_monsterinsights_sitenote_category":0,"footnotes":""},"class_list":["post-3043","page","type-page","status-publish","hentry"],"_links":{"self":[{"href":"https:\/\/www.isabellabaroni.ch\/index.php?rest_route=\/wp\/v2\/pages\/3043","targetHints":{"allow":["GET"]}}],"collection":[{"href":"https:\/\/www.isabellabaroni.ch\/index.php?rest_route=\/wp\/v2\/pages"}],"about":[{"href":"https:\/\/www.isabellabaroni.ch\/index.php?rest_route=\/wp\/v2\/types\/page"}],"author":[{"embeddable":true,"href":"https:\/\/www.isabellabaroni.ch\/index.php?rest_route=\/wp\/v2\/users\/4"}],"replies":[{"embeddable":true,"href":"https:\/\/www.isabellabaroni.ch\/index.php?rest_route=%2Fwp%2Fv2%2Fcomments&post=3043"}],"version-history":[{"count":76,"href":"https:\/\/www.isabellabaroni.ch\/index.php?rest_route=\/wp\/v2\/pages\/3043\/revisions"}],"predecessor-version":[{"id":4034,"href":"https:\/\/www.isabellabaroni.ch\/index.php?rest_route=\/wp\/v2\/pages\/3043\/revisions\/4034"}],"wp:attachment":[{"href":"https:\/\/www.isabellabaroni.ch\/index.php?rest_route=%2Fwp%2Fv2%2Fmedia&parent=3043"}],"curies":[{"name":"wp","href":"https:\/\/api.w.org\/{rel}","templated":true}]}}