{"id":50,"date":"2012-02-07T20:23:20","date_gmt":"2012-02-07T20:23:20","guid":{"rendered":"http:\/\/www.dedalos.ch\/~isabella\/?page_id=50"},"modified":"2024-02-23T11:06:25","modified_gmt":"2024-02-23T10:06:25","slug":"mat","status":"publish","type":"page","link":"https:\/\/www.isabellabaroni.ch\/?page_id=50","title":{"rendered":"Mat"},"content":{"rendered":"<div class=\"wp-block-image\">\n<figure class=\"alignleft\"><a href=\"https:\/\/www.isabellabaroni.ch\/wp-content\/uploads\/2012\/02\/matwork-81.jpg\"><img loading=\"lazy\" decoding=\"async\" width=\"150\" height=\"150\" src=\"https:\/\/www.isabellabaroni.ch\/wp-content\/uploads\/2012\/02\/matwork-81-150x150.jpg\" alt=\"\" class=\"wp-image-406\" title=\"matwork 8\"\/><\/a><\/figure>\n<\/div>\n\n\n<p class=\"has-text-align-left\"><span style=\"color: #808080;\"><\/span>Il <strong>Matwork <\/strong>\u00e8 il lavoro a corpo libero del metodo Pilates cos\u00ec denominato poich\u00e9 gli esercizi vengono svolti su un materassino (Mat).<\/p>\n\n\n\n<p class=\"has-text-align-left\">Comprende oltre 70 esercizi&nbsp;divisi in&nbsp;quattro livelli di difficolt\u00e0 graduali che coinvolgono tutta la muscolatura.<\/p>\n","protected":false},"excerpt":{"rendered":"<p>Il Matwork \u00e8 il lavoro a corpo libero del metodo Pilates cos\u00ec denominato poich\u00e9 gli esercizi vengono svolti su un materassino (Mat). Comprende oltre 70 esercizi&nbsp;divisi in&nbsp;quattro livelli di difficolt\u00e0 graduali che coinvolgono tutta la muscolatura.<\/p>\n","protected":false},"author":1,"featured_media":0,"parent":0,"menu_order":0,"comment_status":"closed","ping_status":"closed","template":"","meta":{"_monsterinsights_skip_tracking":false,"_monsterinsights_sitenote_active":false,"_monsterinsights_sitenote_note":"","_monsterinsights_sitenote_category":0,"footnotes":""},"class_list":["post-50","page","type-page","status-publish","hentry"],"_links":{"self":[{"href":"https:\/\/www.isabellabaroni.ch\/index.php?rest_route=\/wp\/v2\/pages\/50","targetHints":{"allow":["GET"]}}],"collection":[{"href":"https:\/\/www.isabellabaroni.ch\/index.php?rest_route=\/wp\/v2\/pages"}],"about":[{"href":"https:\/\/www.isabellabaroni.ch\/index.php?rest_route=\/wp\/v2\/types\/page"}],"author":[{"embeddable":true,"href":"https:\/\/www.isabellabaroni.ch\/index.php?rest_route=\/wp\/v2\/users\/1"}],"replies":[{"embeddable":true,"href":"https:\/\/www.isabellabaroni.ch\/index.php?rest_route=%2Fwp%2Fv2%2Fcomments&post=50"}],"version-history":[{"count":14,"href":"https:\/\/www.isabellabaroni.ch\/index.php?rest_route=\/wp\/v2\/pages\/50\/revisions"}],"predecessor-version":[{"id":3589,"href":"https:\/\/www.isabellabaroni.ch\/index.php?rest_route=\/wp\/v2\/pages\/50\/revisions\/3589"}],"wp:attachment":[{"href":"https:\/\/www.isabellabaroni.ch\/index.php?rest_route=%2Fwp%2Fv2%2Fmedia&parent=50"}],"curies":[{"name":"wp","href":"https:\/\/api.w.org\/{rel}","templated":true}]}}